 {"id":3019,"date":"2020-10-15T04:33:59","date_gmt":"2020-10-15T02:33:59","guid":{"rendered":"https:\/\/www.cognitio-scan.cz\/?page_id=3019"},"modified":"2020-10-15T04:36:04","modified_gmt":"2020-10-15T02:36:04","slug":"storno","status":"publish","type":"page","link":"https:\/\/www.cognitio-scan.cz\/cs\/storno\/","title":{"rendered":"Storno"},"content":{"rendered":"","protected":false},"excerpt":{"rendered":"","protected":false},"author":1,"featured_media":0,"parent":0,"menu_order":0,"comment_status":"closed","ping_status":"closed","template":"templates\/canceled.php","meta":{"inline_featured_image":false,"footnotes":""},"class_list":["post-3019","page","type-page","status-publish","hentry"],"acf":[],"yoast_head":"<!-- This site is optimized with the Yoast SEO plugin v27.4 - https:\/\/yoast.com\/product\/yoast-seo-wordpress\/ -->\n<title>Storno - Cognitio-Scan<\/title>\n<meta name=\"robots\" content=\"index, follow, max-snippet:-1, max-image-preview:large, max-video-preview:-1\" \/>\n<link rel=\"canonical\" href=\"https:\/\/www.cognitio-scan.cz\/cs\/storno\/\" \/>\n<meta property=\"og:locale\" content=\"cs_CZ\" \/>\n<meta property=\"og:type\" content=\"article\" \/>\n<meta property=\"og:title\" content=\"Storno - Cognitio-Scan\" \/>\n<meta property=\"og:url\" content=\"https:\/\/www.cognitio-scan.cz\/cs\/storno\/\" \/>\n<meta property=\"og:site_name\" content=\"Cognitio-Scan\" \/>\n<meta property=\"article:modified_time\" content=\"2020-10-15T02:36:04+00:00\" \/>\n<meta name=\"twitter:card\" content=\"summary_large_image\" \/>\n<script type=\"application\/ld+json\" class=\"yoast-schema-graph\">{\"@context\":\"https:\\\/\\\/schema.org\",\"@graph\":[{\"@type\":\"WebPage\",\"@id\":\"https:\\\/\\\/www.cognitio-scan.cz\\\/cs\\\/storno\\\/\",\"url\":\"https:\\\/\\\/www.cognitio-scan.cz\\\/cs\\\/storno\\\/\",\"name\":\"Storno - Cognitio-Scan\",\"isPartOf\":{\"@id\":\"https:\\\/\\\/www.cognitio-scan.cz\\\/cs\\\/#website\"},\"datePublished\":\"2020-10-15T02:33:59+00:00\",\"dateModified\":\"2020-10-15T02:36:04+00:00\",\"breadcrumb\":{\"@id\":\"https:\\\/\\\/www.cognitio-scan.cz\\\/cs\\\/storno\\\/#breadcrumb\"},\"inLanguage\":\"cs\",\"potentialAction\":[{\"@type\":\"ReadAction\",\"target\":[\"https:\\\/\\\/www.cognitio-scan.cz\\\/cs\\\/storno\\\/\"]}]},{\"@type\":\"BreadcrumbList\",\"@id\":\"https:\\\/\\\/www.cognitio-scan.cz\\\/cs\\\/storno\\\/#breadcrumb\",\"itemListElement\":[{\"@type\":\"ListItem\",\"position\":1,\"name\":\"Home\",\"item\":\"https:\\\/\\\/www.cognitio-scan.cz\\\/cs\\\/\"},{\"@type\":\"ListItem\",\"position\":2,\"name\":\"Storno\"}]},{\"@type\":\"WebSite\",\"@id\":\"https:\\\/\\\/www.cognitio-scan.cz\\\/cs\\\/#website\",\"url\":\"https:\\\/\\\/www.cognitio-scan.cz\\\/cs\\\/\",\"name\":\"Cognitio-Scan\",\"description\":\"Centrum pro komunikaci, rozvoj v\u011bdom\u00ed a organiza\u010dn\u00ed rozvoj\",\"potentialAction\":[{\"@type\":\"SearchAction\",\"target\":{\"@type\":\"EntryPoint\",\"urlTemplate\":\"https:\\\/\\\/www.cognitio-scan.cz\\\/cs\\\/?s={search_term_string}\"},\"query-input\":{\"@type\":\"PropertyValueSpecification\",\"valueRequired\":true,\"valueName\":\"search_term_string\"}}],\"inLanguage\":\"cs\"}]}<\/script>\n<!-- \/ Yoast SEO plugin. -->","yoast_head_json":{"title":"Storno - Cognitio-Scan","robots":{"index":"index","follow":"follow","max-snippet":"max-snippet:-1","max-image-preview":"max-image-preview:large","max-video-preview":"max-video-preview:-1"},"canonical":"https:\/\/www.cognitio-scan.cz\/cs\/storno\/","og_locale":"cs_CZ","og_type":"article","og_title":"Storno - Cognitio-Scan","og_url":"https:\/\/www.cognitio-scan.cz\/cs\/storno\/","og_site_name":"Cognitio-Scan","article_modified_time":"2020-10-15T02:36:04+00:00","twitter_card":"summary_large_image","schema":{"@context":"https:\/\/schema.org","@graph":[{"@type":"WebPage","@id":"https:\/\/www.cognitio-scan.cz\/cs\/storno\/","url":"https:\/\/www.cognitio-scan.cz\/cs\/storno\/","name":"Storno - Cognitio-Scan","isPartOf":{"@id":"https:\/\/www.cognitio-scan.cz\/cs\/#website"},"datePublished":"2020-10-15T02:33:59+00:00","dateModified":"2020-10-15T02:36:04+00:00","breadcrumb":{"@id":"https:\/\/www.cognitio-scan.cz\/cs\/storno\/#breadcrumb"},"inLanguage":"cs","potentialAction":[{"@type":"ReadAction","target":["https:\/\/www.cognitio-scan.cz\/cs\/storno\/"]}]},{"@type":"BreadcrumbList","@id":"https:\/\/www.cognitio-scan.cz\/cs\/storno\/#breadcrumb","itemListElement":[{"@type":"ListItem","position":1,"name":"Home","item":"https:\/\/www.cognitio-scan.cz\/cs\/"},{"@type":"ListItem","position":2,"name":"Storno"}]},{"@type":"WebSite","@id":"https:\/\/www.cognitio-scan.cz\/cs\/#website","url":"https:\/\/www.cognitio-scan.cz\/cs\/","name":"Cognitio-Scan","description":"Centrum pro komunikaci, rozvoj v\u011bdom\u00ed a organiza\u010dn\u00ed rozvoj","potentialAction":[{"@type":"SearchAction","target":{"@type":"EntryPoint","urlTemplate":"https:\/\/www.cognitio-scan.cz\/cs\/?s={search_term_string}"},"query-input":{"@type":"PropertyValueSpecification","valueRequired":true,"valueName":"search_term_string"}}],"inLanguage":"cs"}]}},"_links":{"self":[{"href":"https:\/\/www.cognitio-scan.cz\/cs\/wp-json\/wp\/v2\/pages\/3019","targetHints":{"allow":["GET"]}}],"collection":[{"href":"https:\/\/www.cognitio-scan.cz\/cs\/wp-json\/wp\/v2\/pages"}],"about":[{"href":"https:\/\/www.cognitio-scan.cz\/cs\/wp-json\/wp\/v2\/types\/page"}],"author":[{"embeddable":true,"href":"https:\/\/www.cognitio-scan.cz\/cs\/wp-json\/wp\/v2\/users\/1"}],"replies":[{"embeddable":true,"href":"https:\/\/www.cognitio-scan.cz\/cs\/wp-json\/wp\/v2\/comments?post=3019"}],"version-history":[{"count":0,"href":"https:\/\/www.cognitio-scan.cz\/cs\/wp-json\/wp\/v2\/pages\/3019\/revisions"}],"wp:attachment":[{"href":"https:\/\/www.cognitio-scan.cz\/cs\/wp-json\/wp\/v2\/media?parent=3019"}],"curies":[{"name":"wp","href":"https:\/\/api.w.org\/{rel}","templated":true}]}}