 {"id":486,"date":"2020-04-21T11:32:58","date_gmt":"2020-04-21T11:32:58","guid":{"rendered":"https:\/\/www.cognitio-scan.cz\/?page_id=486"},"modified":"2022-05-23T18:13:07","modified_gmt":"2022-05-23T16:13:07","slug":"nlp-kurzy","status":"publish","type":"page","link":"https:\/\/www.cognitio-scan.cz\/cs\/nlp-kurzy\/","title":{"rendered":"NLP kurzy"},"content":{"rendered":"","protected":false},"excerpt":{"rendered":"","protected":false},"author":1,"featured_media":0,"parent":0,"menu_order":0,"comment_status":"closed","ping_status":"closed","template":"templates\/courses-category.php","meta":{"inline_featured_image":false,"footnotes":""},"class_list":["post-486","page","type-page","status-publish","hentry"],"acf":[],"yoast_head":"<!-- This site is optimized with the Yoast SEO plugin v27.4 - https:\/\/yoast.com\/product\/yoast-seo-wordpress\/ -->\n<title>NLP kurzy | Certifikovan\u00e9 kurzy NLP pro osobn\u00ed rozvoj<\/title>\n<meta name=\"description\" content=\"NLP je manu\u00e1l pro kognitivn\u00ed fungov\u00e1n\u00ed. Z\u00edskejte hlubok\u00fd vhled do lidsk\u00fdch pohnutek a sta\u0148te se v\u00fdrazem svobody, l\u00e1sky a autenticity v ka\u017edodenn\u00edm \u017eivot\u011b.\" \/>\n<meta name=\"robots\" content=\"index, follow, max-snippet:-1, max-image-preview:large, max-video-preview:-1\" \/>\n<link rel=\"canonical\" href=\"https:\/\/www.cognitio-scan.cz\/cs\/nlp-kurzy\/\" \/>\n<meta property=\"og:locale\" content=\"cs_CZ\" \/>\n<meta property=\"og:type\" content=\"article\" \/>\n<meta property=\"og:title\" content=\"NLP kurzy | Certifikovan\u00e9 kurzy NLP pro osobn\u00ed rozvoj\" \/>\n<meta property=\"og:description\" content=\"NLP je manu\u00e1l pro kognitivn\u00ed fungov\u00e1n\u00ed. Z\u00edskejte hlubok\u00fd vhled do lidsk\u00fdch pohnutek a sta\u0148te se v\u00fdrazem svobody, l\u00e1sky a autenticity v ka\u017edodenn\u00edm \u017eivot\u011b.\" \/>\n<meta property=\"og:url\" content=\"https:\/\/www.cognitio-scan.cz\/cs\/nlp-kurzy\/\" \/>\n<meta property=\"og:site_name\" content=\"Cognitio-Scan\" \/>\n<meta property=\"article:modified_time\" content=\"2022-05-23T16:13:07+00:00\" \/>\n<meta name=\"twitter:card\" content=\"summary_large_image\" \/>\n<script type=\"application\/ld+json\" class=\"yoast-schema-graph\">{\"@context\":\"https:\\\/\\\/schema.org\",\"@graph\":[{\"@type\":\"WebPage\",\"@id\":\"https:\\\/\\\/www.cognitio-scan.cz\\\/cs\\\/nlp-kurzy\\\/\",\"url\":\"https:\\\/\\\/www.cognitio-scan.cz\\\/cs\\\/nlp-kurzy\\\/\",\"name\":\"NLP kurzy | Certifikovan\u00e9 kurzy NLP pro osobn\u00ed rozvoj\",\"isPartOf\":{\"@id\":\"https:\\\/\\\/www.cognitio-scan.cz\\\/cs\\\/#website\"},\"datePublished\":\"2020-04-21T11:32:58+00:00\",\"dateModified\":\"2022-05-23T16:13:07+00:00\",\"description\":\"NLP je manu\u00e1l pro kognitivn\u00ed fungov\u00e1n\u00ed. Z\u00edskejte hlubok\u00fd vhled do lidsk\u00fdch pohnutek a sta\u0148te se v\u00fdrazem svobody, l\u00e1sky a autenticity v ka\u017edodenn\u00edm \u017eivot\u011b.\",\"breadcrumb\":{\"@id\":\"https:\\\/\\\/www.cognitio-scan.cz\\\/cs\\\/nlp-kurzy\\\/#breadcrumb\"},\"inLanguage\":\"cs\",\"potentialAction\":[{\"@type\":\"ReadAction\",\"target\":[\"https:\\\/\\\/www.cognitio-scan.cz\\\/cs\\\/nlp-kurzy\\\/\"]}]},{\"@type\":\"BreadcrumbList\",\"@id\":\"https:\\\/\\\/www.cognitio-scan.cz\\\/cs\\\/nlp-kurzy\\\/#breadcrumb\",\"itemListElement\":[{\"@type\":\"ListItem\",\"position\":1,\"name\":\"Home\",\"item\":\"https:\\\/\\\/www.cognitio-scan.cz\\\/cs\\\/\"},{\"@type\":\"ListItem\",\"position\":2,\"name\":\"NLP kurzy\"}]},{\"@type\":\"WebSite\",\"@id\":\"https:\\\/\\\/www.cognitio-scan.cz\\\/cs\\\/#website\",\"url\":\"https:\\\/\\\/www.cognitio-scan.cz\\\/cs\\\/\",\"name\":\"Cognitio-Scan\",\"description\":\"Centrum pro komunikaci, rozvoj v\u011bdom\u00ed a organiza\u010dn\u00ed rozvoj\",\"potentialAction\":[{\"@type\":\"SearchAction\",\"target\":{\"@type\":\"EntryPoint\",\"urlTemplate\":\"https:\\\/\\\/www.cognitio-scan.cz\\\/cs\\\/?s={search_term_string}\"},\"query-input\":{\"@type\":\"PropertyValueSpecification\",\"valueRequired\":true,\"valueName\":\"search_term_string\"}}],\"inLanguage\":\"cs\"}]}<\/script>\n<!-- \/ Yoast SEO plugin. -->","yoast_head_json":{"title":"NLP kurzy | Certifikovan\u00e9 kurzy NLP pro osobn\u00ed rozvoj","description":"NLP je manu\u00e1l pro kognitivn\u00ed fungov\u00e1n\u00ed. Z\u00edskejte hlubok\u00fd vhled do lidsk\u00fdch pohnutek a sta\u0148te se v\u00fdrazem svobody, l\u00e1sky a autenticity v ka\u017edodenn\u00edm \u017eivot\u011b.","robots":{"index":"index","follow":"follow","max-snippet":"max-snippet:-1","max-image-preview":"max-image-preview:large","max-video-preview":"max-video-preview:-1"},"canonical":"https:\/\/www.cognitio-scan.cz\/cs\/nlp-kurzy\/","og_locale":"cs_CZ","og_type":"article","og_title":"NLP kurzy | Certifikovan\u00e9 kurzy NLP pro osobn\u00ed rozvoj","og_description":"NLP je manu\u00e1l pro kognitivn\u00ed fungov\u00e1n\u00ed. Z\u00edskejte hlubok\u00fd vhled do lidsk\u00fdch pohnutek a sta\u0148te se v\u00fdrazem svobody, l\u00e1sky a autenticity v ka\u017edodenn\u00edm \u017eivot\u011b.","og_url":"https:\/\/www.cognitio-scan.cz\/cs\/nlp-kurzy\/","og_site_name":"Cognitio-Scan","article_modified_time":"2022-05-23T16:13:07+00:00","twitter_card":"summary_large_image","schema":{"@context":"https:\/\/schema.org","@graph":[{"@type":"WebPage","@id":"https:\/\/www.cognitio-scan.cz\/cs\/nlp-kurzy\/","url":"https:\/\/www.cognitio-scan.cz\/cs\/nlp-kurzy\/","name":"NLP kurzy | Certifikovan\u00e9 kurzy NLP pro osobn\u00ed rozvoj","isPartOf":{"@id":"https:\/\/www.cognitio-scan.cz\/cs\/#website"},"datePublished":"2020-04-21T11:32:58+00:00","dateModified":"2022-05-23T16:13:07+00:00","description":"NLP je manu\u00e1l pro kognitivn\u00ed fungov\u00e1n\u00ed. Z\u00edskejte hlubok\u00fd vhled do lidsk\u00fdch pohnutek a sta\u0148te se v\u00fdrazem svobody, l\u00e1sky a autenticity v ka\u017edodenn\u00edm \u017eivot\u011b.","breadcrumb":{"@id":"https:\/\/www.cognitio-scan.cz\/cs\/nlp-kurzy\/#breadcrumb"},"inLanguage":"cs","potentialAction":[{"@type":"ReadAction","target":["https:\/\/www.cognitio-scan.cz\/cs\/nlp-kurzy\/"]}]},{"@type":"BreadcrumbList","@id":"https:\/\/www.cognitio-scan.cz\/cs\/nlp-kurzy\/#breadcrumb","itemListElement":[{"@type":"ListItem","position":1,"name":"Home","item":"https:\/\/www.cognitio-scan.cz\/cs\/"},{"@type":"ListItem","position":2,"name":"NLP kurzy"}]},{"@type":"WebSite","@id":"https:\/\/www.cognitio-scan.cz\/cs\/#website","url":"https:\/\/www.cognitio-scan.cz\/cs\/","name":"Cognitio-Scan","description":"Centrum pro komunikaci, rozvoj v\u011bdom\u00ed a organiza\u010dn\u00ed rozvoj","potentialAction":[{"@type":"SearchAction","target":{"@type":"EntryPoint","urlTemplate":"https:\/\/www.cognitio-scan.cz\/cs\/?s={search_term_string}"},"query-input":{"@type":"PropertyValueSpecification","valueRequired":true,"valueName":"search_term_string"}}],"inLanguage":"cs"}]}},"_links":{"self":[{"href":"https:\/\/www.cognitio-scan.cz\/cs\/wp-json\/wp\/v2\/pages\/486","targetHints":{"allow":["GET"]}}],"collection":[{"href":"https:\/\/www.cognitio-scan.cz\/cs\/wp-json\/wp\/v2\/pages"}],"about":[{"href":"https:\/\/www.cognitio-scan.cz\/cs\/wp-json\/wp\/v2\/types\/page"}],"author":[{"embeddable":true,"href":"https:\/\/www.cognitio-scan.cz\/cs\/wp-json\/wp\/v2\/users\/1"}],"replies":[{"embeddable":true,"href":"https:\/\/www.cognitio-scan.cz\/cs\/wp-json\/wp\/v2\/comments?post=486"}],"version-history":[{"count":11,"href":"https:\/\/www.cognitio-scan.cz\/cs\/wp-json\/wp\/v2\/pages\/486\/revisions"}],"predecessor-version":[{"id":5978,"href":"https:\/\/www.cognitio-scan.cz\/cs\/wp-json\/wp\/v2\/pages\/486\/revisions\/5978"}],"wp:attachment":[{"href":"https:\/\/www.cognitio-scan.cz\/cs\/wp-json\/wp\/v2\/media?parent=486"}],"curies":[{"name":"wp","href":"https:\/\/api.w.org\/{rel}","templated":true}]}}